{"id":417,"date":"2025-01-16T13:44:02","date_gmt":"2025-01-16T13:44:02","guid":{"rendered":"https:\/\/esthercastronutricion.com\/?page_id=417"},"modified":"2025-01-16T13:44:02","modified_gmt":"2025-01-16T13:44:02","slug":"politica-de-cookies","status":"publish","type":"page","link":"https:\/\/esthercastronutricion.com\/?page_id=417","title":{"rendered":"Pol\u00edtica de Cookies"},"content":{"rendered":"<p>[et_pb_section fb_built=\u00bb1&#8243; theme_builder_area=\u00bbpost_content\u00bb _builder_version=\u00bb4.27.4&#8243; _module_preset=\u00bbdefault\u00bb][et_pb_row _builder_version=\u00bb4.27.4&#8243; _module_preset=\u00bbdefault\u00bb theme_builder_area=\u00bbpost_content\u00bb][et_pb_column _builder_version=\u00bb4.27.4&#8243; _module_preset=\u00bbdefault\u00bb type=\u00bb4_4&#8243; theme_builder_area=\u00bbpost_content\u00bb][et_pb_text _builder_version=\u00bb4.27.4&#8243; _module_preset=\u00bbdefault\u00bb theme_builder_area=\u00bbpost_content\u00bb hover_enabled=\u00bb0&#8243; sticky_enabled=\u00bb0&#8243;]<\/p>\n<div class=\"et_pb_module et_pb_heading et_pb_heading_0 et_pb_bg_layout_\">\n<div class=\"et_pb_heading_container\">\n<h1 class=\"et_pb_module_heading\">Pol\u00edtica de Cookies<\/h1>\n<\/div>\n<\/div>\n<div class=\"et_pb_module et_pb_text et_pb_text_0  et_pb_text_align_left et_pb_bg_layout_light\">\n<div class=\"et_pb_text_inner\">\n<h3>ANTECEDENTES<\/h3>\n<p>www.esthercastronutricion.com usa cookies. Las cookies de este sitio web se usan para personalizar el contenido y los anuncios, ofrecer funciones de redes sociales y analizar el tr\u00e1fico. Adem\u00e1s, compartimos informaci\u00f3n sobre el uso que haga del sitio web con nuestros partners de redes sociales, publicidad y an\u00e1lisis web, quienes pueden combinarla con otra informaci\u00f3n que les haya proporcionado o que hayan recopilado a partir del uso que haya hecho de sus servicios. Usted acepta nuestras cookies si contin\u00faa utilizando nuestro sitio web.<\/p>\n<h3>\u00bfQU\u00c9 SON LAS COOKIES?<\/h3>\n<p>Una cookie es un fichero que se descarga en su ordenador al acceder a determinadas p\u00e1ginas web. Las cookies permiten a una p\u00e1gina web, entre otras cosas, almacenar y recuperar informaci\u00f3n sobre los h\u00e1bitos de navegaci\u00f3n de un usuario o de su equipo y, dependiendo de la informaci\u00f3n que contengan y de la forma en que utilice su equipo, pueden utilizarse para reconocer al usuario. Las cookies se asocian \u00fanicamente a un usuario an\u00f3nimo y su ordenador \u00f3 dispositivo y no proporcionan referencias que permitan conocer sus datos personales.<\/p>\n<h3>COOKIES AFECTADAS POR LA NORMATIVA Y COOKIES EXENTAS<\/h3>\n<p>Seg\u00fan la directiva de la UE, las cookies que requieren el consentimiento informado por parte del usuario son las cookies de anal\u00edtica y las de publicidad y afiliaci\u00f3n, quedando exceptuadas las de car\u00e1cter t\u00e9cnico y las necesarias para el funcionamiento del sitio web o la prestaci\u00f3n de servicios expresamente demandados por el usuario.<\/p>\n<h3>TIPOS DE COOKIES<\/h3>\n<p>a) Seg\u00fan la <strong>entidad<\/strong> que las gestione, hay <strong>Cookies propias<\/strong> (aqu\u00e9llas que se env\u00edan al equipo terminal del usuario desde un equipo o dominio gestionado por el propio editor y desde el que se presta el servicio Solicitado por el usuario) y <strong>de terceros<\/strong> (las que se env\u00edan al equipo terminal del usuario desde un equipo o dominio que no es gestionado por el editor, sino por otra entidad que trata los datos obtenidos trav\u00e9s de las cookies).<\/p>\n<p>b) Seg\u00fan el <strong>tiempo<\/strong> que permanecen activas, existen las de <strong>sesi\u00f3n<\/strong> (dise\u00f1adas para recabar y almacenar datos mientras el usuario accede a una p\u00e1gina web) y las <strong>persistentes<\/strong> (en las que los datos se almacenan en el terminal y pueden ser accedidos y tratados durante un periodo definido por el responsable de la cookie -puede ir de unos minutos a varios a\u00f1os-).<\/p>\n<p>c) Seg\u00fan la <strong>finalidad<\/strong> para la que traten la informaci\u00f3n que recopilan, pueden ser:<\/p>\n<p>\u2013 <strong>Cookies t\u00e9cnicas<\/strong> (necesarias para el uso de la web y la prestaci\u00f3n del servicio contratado),<br \/>\u2013 <strong>Cookies de personalizaci\u00f3n<\/strong> (que permiten al usuario acceder al servicio con caracter\u00edsticas predefinidas, como por ejemplo el idioma, tipo de navegador, configuraci\u00f3n regional, etc.)<br \/>\u2013<strong> Cookies de an\u00e1lisis<\/strong> (recogen informaci\u00f3n el uso que se realiza de la web),<br \/>\u2013 <strong>Cookies publicitarias<\/strong> (recogen informaci\u00f3n sobre las preferencias y elecciones personales de los usuarios),<br \/>\u2013 <strong>Cookies de afiliados<\/strong> (permiten realizar un seguimiento de las visitas procedentes de otras webs, con las que el sitio web establece un contrato de afiliaci\u00f3n).<\/p>\n<h3>TIPOS DE COOKIES UTILIZADAS POR ESTE SITIO WEB<\/h3>\n<p>Las cookies utilizadas en www.esthercastronutricion.coms son de sesi\u00f3n y de terceros, y nos permiten almacenar y acceder a informaci\u00f3n relativa al idioma, el tipo de navegador utilizado, y otras caracter\u00edsticas generales predefinidas por el usuario, as\u00ed como seguir y analizar la actividad que lleva a cabo para mejorar y prestar nuestros servicios de una manera m\u00e1s eficiente y personalizada. Las cookies usadas tienen, en todo caso, car\u00e1cter temporal, con la \u00fanica finalidad de hacer m\u00e1s eficaz la navegaci\u00f3n. En ning\u00fan caso estas cookies proporcionan por s\u00ed mismas datos de car\u00e1cter personal y no se usan para la recogida de los mismos.<\/p>\n<p>La utilizaci\u00f3n de las cookies ofrece ventajas, como por ejemplo:<\/p>\n<p>\u2013 facilita al usuario la navegaci\u00f3n y el acceso a los diferentes servicios que ofrece este sitio web;<br \/>\u2013 evita al usuario tener que configurar las caracter\u00edsticas generales predefinidas cada vez que accede al sitio web; y<br \/>\u2013 favorece la mejora del funcionamiento y de los servicios prestados a trav\u00e9s de este sitio web, tras el correspondiente an\u00e1lisis de la informaci\u00f3n obtenida a trav\u00e9s de las cookies instaladas.<\/p>\n<p>Al acceder www.esthercastronutricion.com se le informa que si sigue navegando se le instalar\u00e1n diversas cookies de terceros consintiendo as\u00ed la instalaci\u00f3n de determinadas cookies que tendr\u00e1n como \u00fanica finalidad la de registrar el acceso a nuestro sitio web para la realizaci\u00f3n de estad\u00edsticas an\u00f3nimas sobre las visitas, recopilando informaci\u00f3n siempre de forma an\u00f3nima. No es necesario que acepte la instalaci\u00f3n de estas cookies, podr\u00e1 navegar igualmente por toda nuestra web.<\/p>\n<p class=\"p1\">En diversas secciones de www.esthercastronutricion.com se podr\u00e1n instalar cookies de redes sociales, en concreto las<\/p>\n<p class=\"p1\">siguientes:<\/p>\n<ul>\n<li class=\"p1\">Cookie de Twitter, seg\u00fan lo dispuesto en su <a href=\"https:\/\/twitter.com\/privacy\"><span class=\"s2\">pol\u00edtica de privacidad y uso de cookies<\/span>.<\/a><\/li>\n<li class=\"p1\">\u00a0Cookie de Facebook, seg\u00fan lo dispuesto en su <a href=\"https:\/\/www.facebook.com\/help\/cookies\"><span class=\"s2\">pol\u00edtica de cookies<\/span>.<\/a><\/li>\n<li class=\"p1\">Cookie de Linkedin, seg\u00fan lo dispuesto en su p\u00e1gina sobre el <a href=\"http:\/\/www.linkedin.com\/legal\/cookie-policy?trk=hb_ft_cookie\"><span class=\"s2\">uso de las cookies<\/span>.<\/a><\/li>\n<li class=\"p1\">Cookie de Google+ y Google Maps, seg\u00fan lo dispuesto en su p\u00e1gina sobre qu\u00e9 <span class=\"s2\"><a href=\"http:\/\/www.google.com\/intl\/es\/policies\/technologies\/types\/\">tipo de cookies utilizan<\/a><\/span><span class=\"s3\">.<\/span><\/li>\n<\/ul>\n<table>\n<tbody>\n<tr>\n<th>NOMBRE<\/th>\n<th>TIPO<\/th>\n<th>CADUCIDAD<\/th>\n<th>FINALIDAD<\/th>\n<\/tr>\n<tr>\n<td>_ga<\/td>\n<td>HTTP<\/td>\n<td>2 a\u00f1os<\/td>\n<td>Registra una identificaci\u00f3n \u00fanica que se utiliza para generar datos<br \/>estad\u00edsticos acerca de c\u00f3mo utiliza el visitante el sitio web.<\/td>\n<\/tr>\n<tr>\n<td>_gat<\/td>\n<td>HTTP<\/td>\n<td>1 d\u00eda<\/td>\n<td>Utilizado por Google Analytics para controlar la tasa de peticiones<\/td>\n<\/tr>\n<tr>\n<td>_gid<\/td>\n<td>HTTP<\/td>\n<td>1 d\u00eda<\/td>\n<td>Registra una identificaci\u00f3n \u00fanica que se utiliza para generar datos<br \/>estad\u00edsticos acerca de c\u00f3mo utiliza el visitante el sitio web.<\/td>\n<\/tr>\n<tr>\n<td>collect<\/td>\n<td>Pixel<\/td>\n<td>Session<\/td>\n<td>Se utiliza para enviar datos a Google Analytics sobre el dispositivo del<br \/>visitante y su comportamiento. Rastrea al visitante a trav\u00e9s de<br \/>dispositivos y canales de marketing.<\/td>\n<\/tr>\n<\/tbody>\n<\/table>\n<h3>REVOCACI\u00d3N<\/h3>\n<p>En todo momento podr\u00e1 acceder a la configuraci\u00f3n de su navegador aceptando o rechazando todas las cookies, o bien seleccionar aqu\u00e9llas cuya instalaci\u00f3n admite y cu\u00e1les no, siguiendo uno de los siguientes procedimientos, que depende del navegador que utilice:<\/p>\n<p><strong>Google Chrome<\/strong> (en el Men\u00fa Herramientas): Configuraci\u00f3n &gt; Mostrar opciones avanzadas &gt; Privacidad (Configuraci\u00f3n de contenido) &gt; Cookies: <a href=\"https:\/\/support.google.com\/chrome\/answer\/95647?co=GENIE.Platform%3DDesktop&amp;hl=es\">https:\/\/support.google.com\/chrome\/answer\/95647?co=GENIE.Platform%3DDesktop&amp;hl=es<\/a><\/p>\n<p><strong>Microsoft Internet Explorer<\/strong> (en el Men\u00fa Herramientas): Opciones de Internet &gt; Privacidad &gt; Avanzada:<br \/><a href=\"https:\/\/support.microsoft.com\/es-es\/help\/17442\/windows-internet-explorer-delete-manage-cookies\">https:\/\/support.microsoft.com\/es-es\/help\/17442\/windows-internet-explorer-delete-manage-cookies<\/a><\/p>\n<p><strong>Firefox:<\/strong><br \/>Opciones &gt; Privacidad &gt; Cookies:<br \/><a href=\"https:\/\/support.mozilla.org\/es\/kb\/habilitar-y-deshabilitar-cookies-sitios-web-rastrear-preferencias\">https:\/\/support.mozilla.org\/es\/kb\/habilitar-y-deshabilitar-cookies-sitios-web-rastrear-preferencias<\/a><\/p>\n<p><strong>Safari, iPad y iPhone<\/strong>:<br \/>Preferencias &gt; Privacidad<br \/><a href=\"https:\/\/support.apple.com\/kb\/ph21411?locale=es_ES\">https:\/\/support.apple.com\/kb\/ph21411?locale=es_ES<\/a><\/p>\n<p><strong>Opera<\/strong>:<br \/>Configuraci\u00f3n &gt; Opciones &gt; Avanzado &gt; Cookies<br \/><a href=\"http:\/\/help.opera.com\/Windows\/12.00\/es-ES\/cookies.html\">http:\/\/help.opera.com\/Windows\/12.00\/es-ES\/cookies.html<\/a><\/p>\n<p>Estos navegadores est\u00e1n sometidos a actualizaciones o modificaciones, por lo que no podemos garantizar que se ajusten completamente a la versi\u00f3n de su navegador. Tambi\u00e9n puede ser que utilice otro navegador no contemplado en estos enlaces como Konqueror, Arora, Flock, etc. Para evitar estos desajustes, puede acceder directamente desde las opciones de su navegador, generalmente en el men\u00fa de \u201cOpciones\u201d en la secci\u00f3n de \u201cPrivacidad\u201d. (Por favor, consulte la ayuda de su navegador para m\u00e1s informaci\u00f3n).<\/p>\n<h3 class=\"p1\">DESACTIVACI\u00d3N\/ACTIVACI\u00d3N Y ELIMINACI\u00d3N DE COOKIES<\/h3>\n<p class=\"p1\">Para restringir o bloquear las cookies, se hace a trav\u00e9s de la configuraci\u00f3n del navegador.<\/p>\n<p>Si no desea que los sitios web pongan ninguna cookie en su equipo, puede adaptar la configuraci\u00f3n del navegador de modo que se le notifique antes de que se coloque ninguna cookie. De igual modo, puede adaptar la configuraci\u00f3n de forma que el navegador rechace todas las cookies, o \u00fanicamente las cookies de terceros. Tambi\u00e9n puede eliminar cualquiera de las cookies que ya se encuentren en el equipo. Tenga en cuenta que tendr\u00e1 que adaptar por separado la configuraci\u00f3n de cada navegador y equipo que utilice.<\/p>\n<p>Tenga en cuenta que si no desea recibir cookies, ya no podremos garantizar que nuestro sitio web funcione debidamente. Puede que algunas funciones del sitio se pierdan y es posible que ya no pueda ver ciertos sitios web. Adem\u00e1s, rechazar las cookies no significa que ya no vaya a ver anuncios publicitarios. Simplemente los anuncios no se ajustar\u00e1n a sus intereses y se repetir\u00e1n con m\u00e1s frecuencia.<\/p>\n<p>Cada navegador posee un m\u00e9todo distinto para adaptar la configuraci\u00f3n. Si fuera necesario, consulte la funci\u00f3n de ayuda del navegador para establecer la configuraci\u00f3n correcta.<\/p>\n<p>Para desactivar las cookies en el tel\u00e9fono m\u00f3vil, consulte el manual del dispositivo para obtener m\u00e1s informaci\u00f3n.<\/p>\n<p>Puede obtener m\u00e1s informaci\u00f3n sobre las cookies en Internet, <a href=\"http:\/\/www.aboutcookies.org\/\">http:\/\/www.aboutcookies.org\/<\/a>.<\/p>\n<p>Teniendo en cuenta la forma en la que funciona Internet y los sitios web, no siempre contamos con informaci\u00f3n de las cookies que colocan terceras partes a trav\u00e9s de nuestro sitio web. Esto se aplica especialmente a casos en los que nuestra p\u00e1gina web contiene lo que se denominan elementos integrados: textos, documentos, im\u00e1genes o breves pel\u00edculas que se almacenan en otra parte, pero se muestran en nuestro sitio web o a trav\u00e9s del mismo.<\/p>\n<p>Por consiguiente, en caso de que se encuentre con este tipo de cookies en este sitio web y no est\u00e9n enumeradas en la lista anterior, le rogamos que nos lo comunique. O bien p\u00f3ngase en contacto directamente con el tercero para pedirle informaci\u00f3n sobre las cookies que coloca, la finalidad y la duraci\u00f3n de la cookie, y c\u00f3mo ha garantizado su privacidad.<\/p>\n<\/div>\n<\/div>\n<p>[\/et_pb_text][\/et_pb_column][\/et_pb_row][\/et_pb_section]<\/p>\n","protected":false},"excerpt":{"rendered":"<p>Pol\u00edtica de Cookies ANTECEDENTES www.esthercastronutricion.com usa cookies. Las cookies de este sitio web se usan para personalizar el contenido y los anuncios, ofrecer funciones de redes sociales y analizar el tr\u00e1fico. Adem\u00e1s, compartimos informaci\u00f3n sobre el uso que haga del sitio web con nuestros partners de redes sociales, publicidad y an\u00e1lisis web, quienes pueden combinarla [&hellip;]<\/p>\n","protected":false},"author":2,"featured_media":0,"parent":0,"menu_order":0,"comment_status":"closed","ping_status":"closed","template":"","meta":{"_et_pb_use_builder":"on","_et_pb_old_content":"","_et_gb_content_width":"","footnotes":""},"class_list":["post-417","page","type-page","status-publish","hentry"],"_links":{"self":[{"href":"https:\/\/esthercastronutricion.com\/index.php?rest_route=\/wp\/v2\/pages\/417","targetHints":{"allow":["GET"]}}],"collection":[{"href":"https:\/\/esthercastronutricion.com\/index.php?rest_route=\/wp\/v2\/pages"}],"about":[{"href":"https:\/\/esthercastronutricion.com\/index.php?rest_route=\/wp\/v2\/types\/page"}],"author":[{"embeddable":true,"href":"https:\/\/esthercastronutricion.com\/index.php?rest_route=\/wp\/v2\/users\/2"}],"replies":[{"embeddable":true,"href":"https:\/\/esthercastronutricion.com\/index.php?rest_route=%2Fwp%2Fv2%2Fcomments&post=417"}],"version-history":[{"count":2,"href":"https:\/\/esthercastronutricion.com\/index.php?rest_route=\/wp\/v2\/pages\/417\/revisions"}],"predecessor-version":[{"id":421,"href":"https:\/\/esthercastronutricion.com\/index.php?rest_route=\/wp\/v2\/pages\/417\/revisions\/421"}],"wp:attachment":[{"href":"https:\/\/esthercastronutricion.com\/index.php?rest_route=%2Fwp%2Fv2%2Fmedia&parent=417"}],"curies":[{"name":"wp","href":"https:\/\/api.w.org\/{rel}","templated":true}]}}