{"id":3,"date":"2024-11-06T17:22:29","date_gmt":"2024-11-06T17:22:29","guid":{"rendered":"https:\/\/esthercastronutricion.com\/?page_id=3"},"modified":"2025-01-16T13:42:23","modified_gmt":"2025-01-16T13:42:23","slug":"privacy-policy","status":"publish","type":"page","link":"https:\/\/esthercastronutricion.com\/?page_id=3","title":{"rendered":"Pol\u00edtica de privacidad"},"content":{"rendered":"\n<h2 class=\"wp-block-heading\">Pol\u00edtica de privacidad<\/h2>\n\n\n\n<p>En este sitio web s\u00f3lo se recaban datos personales con el conocimiento y consentimiento de los usuarios. Si quiere tener una mayor informaci\u00f3n sobre los datos que se recogen y el trato que se les da a los datos personales puede leer esta Pol\u00edtica de Privacidad, as\u00ed como el Aviso Legal y la&nbsp;<a href=\"https:\/\/www.exinte.es\/politica-de-cookie-y-privacy\">Pol\u00edtica de Cookies<\/a>.<\/p>\n\n\n\n<p>A continuaci\u00f3n le informamos sobre la pol\u00edtica de protecci\u00f3n de datos de mail@esthercastronutricion.com:<\/p>\n\n\n\n<p><strong>1. RESPONSBLE DE TRATAMIENTO. QUI\u00c9N VA A TRATAR SUS DATOS.<br><\/strong>El responsable de tratamiento es Esther Castro<\/p>\n\n\n\n<figure class=\"wp-block-table\"><table class=\"has-fixed-layout\"><tbody><tr><td>Identidad<\/td><td>Esther Castro<\/td><\/tr><tr><td>Direcci\u00f3n<\/td><td>Santa Cruz de Tenerife Santa Cruz de Tenerife<\/td><\/tr><tr><td>Tel\u00e9fono<\/td><td><\/td><\/tr><tr><td>Email<\/td><td>mail@esthercastronutricion.com<\/td><\/tr><\/tbody><\/table><\/figure>\n\n\n\n<p><strong>2. PROCEDENCIA DE LOS DATOS<\/strong><br>Los datos personales que trata Esther Castro proceden directamente de usted mediante:<\/p>\n\n\n\n<ul class=\"wp-block-list\">\n<li>Formularios web ( Contacto, bolsa de trabajo..)<\/li>\n\n\n\n<li>Correo electr\u00f3nico \u2022 Formularios en papel<\/li>\n\n\n\n<li>Telef\u00f3nicamente<\/li>\n<\/ul>\n\n\n\n<p>Las categor\u00edas de datos que se tratan son:<\/p>\n\n\n\n<ul class=\"wp-block-list\">\n<li>Car\u00e1cter identificativo<\/li>\n\n\n\n<li>Datos de contacto<\/li>\n\n\n\n<li>Datos bancarios<\/li>\n<\/ul>\n\n\n\n<p><strong>3. FINALIDAD. \u00bfPARA QU\u00c9 SE UTILIZAN SUS DATOS PERSONALES?<\/strong><br>Esther Castro le informa al Usuario de que podr\u00e1 tratar los datos de car\u00e1cter personal que el Usuario facilite voluntariamente a trav\u00e9s de nuestra web, email o de manera presencial que ser\u00e1n incorporados a nuestros sistemas de informaci\u00f3n para la finalidad que se indican a continuaci\u00f3n, en la medida en que exista una base legal para cada tratamiento seg\u00fan se explica m\u00e1s adelante:<\/p>\n\n\n\n<ul class=\"wp-block-list\">\n<li><strong>GESTIONES COMERCIALES Y ADMINISTRATIVAS<\/strong><br>Esta finalidad incluye el tratamiento de tus datos para, principalmente:<\/li>\n<\/ul>\n\n\n\n<ol class=\"wp-block-list\">\n<li>Contactar con usted en relaci\u00f3n a actualizaciones o comunicaciones informativas relacionadas con las funcionalidades, productos o servicios contratados.<\/li>\n\n\n\n<li>Gestionar el pago de los productos o servicios solicitados, independientemente del medio de pago utilizado.<\/li>\n\n\n\n<li>Con fines de facturaci\u00f3n.<\/li>\n\n\n\n<li><\/li>\n<\/ol>\n\n\n\n<ul class=\"wp-block-list\">\n<li>\u00a0<strong>RESULUCI\u00d3N DE CONSULTAS O DUDAS<\/strong><br>S\u00f3lo tratamos los datos personales que sean estrictamente necesarios para gestionar o resolver tu solicitud o petici\u00f3n.<\/li>\n<\/ul>\n\n\n\n<p><strong>4. LEGITIMACI\u00d3N. \u00bfPOR QU\u00c9 USAMOS SUS DATOS PERSONALES?<br><\/strong>Esther Castro est\u00e1 legitimado para usar sus datos personales por diferentes motivos. El principal es para poder prestarle el servicio que usted ha solicitado, ya sea a trav\u00e9s de nuestra web o por alg\u00fan otro medio facilitado. Asimismo, tambi\u00e9n podremos estar legitimados dado su inter\u00e9s para poder atender sus consultas o en el consentimiento que nos presta para enviarle presupuesto, nuestra newsletter, o suscribirse a nuestro blog.<\/p>\n\n\n\n<p><strong>5. CONSERVACI\u00d3N DE SUS DATOS. \u00bfCU\u00c1NTO TIEMPO LOS CONSERVAREMOS?<\/strong><br>Los datos personales proporcionados se conservar\u00e1n durante el tiempo necesario para cumplir con la finalidad para la que se recaban. Una vez finalizado este plazo conservaremos tus datos debidamente guardados y protegidos durante los plazos de prescripci\u00f3n legal exigidos. Una vez prescriban las posibles acciones de cada caso, procederemos a la supresi\u00f3n de los datos personales.<\/p>\n\n\n\n<p><strong>6. \u00bfA QUI\u00c9N COMUNICAMOS SUS DATOS?<\/strong><br>Para cumplir las finalidades indicadas en la presente Pol\u00edtica de Privacidad, es necesario que demos acceso a tus datos<br>personales a entidades que nos prestan apoyo en los servicios que te ofrecemos, a saber:<\/p>\n\n\n\n<ul class=\"wp-block-list\">\n<li>Entidades financieras<\/li>\n\n\n\n<li>Proveedores de servicios tecnol\u00f3gicos<\/li>\n\n\n\n<li>Entidades de asesoramiento empresarial<\/li>\n<\/ul>\n\n\n\n<p>Al margen de las se\u00f1aladas, Esther Castro no ceder\u00e1 los datos personales a terceros, excepto por obligaci\u00f3n legal. Sin embargo, en el caso de ser cedidos a alg\u00fan tercero se informar\u00e1 previamente al usuario solicitando el consentimiento expreso para tal cesi\u00f3n. La entidad responsable de la base de datos, as\u00ed como los que intervengan en cualquier fase del tratamiento y\/o las entidades a quienes se los haya comunicado -en todo caso siempre con la correspondiente autorizaci\u00f3n otorgada por el usuario-, est\u00e1n obligadas a observar el secreto profesional y a la adopci\u00f3n de los niveles de protecci\u00f3n y las medidas t\u00e9cnicas y organizativas necesarias a su alcance para garantizar la seguridad de los datos de car\u00e1cter personal, evitando, dentro de lo posible, accesos no autorizados,modificaciones il\u00edcitas, sustracciones y\/o la p\u00e9rdida de los datos, con objeto de procurar el correspondiente nivel de seguridad de los ficheros, seg\u00fan la naturaleza y sensibilidad de los datos facilitados por los usuarios del presente sitio web.<\/p>\n\n\n\n<p><strong>8. DERECHOS QUE PUEDE EJERCER<\/strong>&nbsp;El interesado puede ejercer los siguientes derechos:<\/p>\n\n\n\n<ul class=\"wp-block-list\">\n<li>Derecho a solicitar el acceso a sus datos personales.<\/li>\n\n\n\n<li>Derecho a solicitar su rectificaci\u00f3n o supresi\u00f3n.<\/li>\n\n\n\n<li>Derecho a solicitar la limitaci\u00f3n de su tratamiento.<\/li>\n\n\n\n<li>Derecho a oponerse al tratamiento.<\/li>\n\n\n\n<li>Derecho a la portabilidad de los datos.<\/li>\n\n\n\n<li>Derecho a retirar el consentimiento prestado.<\/li>\n<\/ul>\n\n\n\n<p>El usuario podr\u00e1 ejercer cualquier de estos derechos dirigi\u00e9ndose a Esther Castro, en Santa Cruz de Tenerife Santa Cruz de Tenerife o enviando un correo electr\u00f3nico a mail@esthercastronutricion.com , indicando como Asunto: \u201cRGPD\/LOPD, Derechos\u201d, y adjuntando fotocopia de su DNI o cualquier medio de identificaci\u00f3n an\u00e1logo, tal y como indica la ley. Esther Castro deber\u00e1 contestar la solicitud en el plazo de un mes a partir de la recepci\u00f3n de la solicitud. Dicho plazo podr\u00e1 prorrogarse otros dos meses en el caso de ser necesario, teniendo en cuenta la complejidad y el n\u00famero de solicitudes.<\/p>\n\n\n\n<p>Tiene derecho a retirar el consentimiento prestado en cualquier momento enviando correo electr\u00f3nico a mail@esthercastronutricion.com. La retirada del consentimiento no afectar\u00e1 a la licitud del tratamiento efectuado antes de la retirada del consentimiento. Tambi\u00e9n tiene derecho a presentar una reclamaci\u00f3n ante la autoridad de control si considera que pueden haberse visto vulnerados sus derechos en relaci\u00f3n a la protecci\u00f3n de sus datos (agpd.es).<\/p>\n\n\n\n<p><strong>8. SUS DATOS EST\u00c1N SEGUROS<\/strong><br>Esther Castro garantiza que ha implementado medidas de seguridad, t\u00e9cnicas y organizativas apropiadas para garantizar y proteger la confidencialidad, integridad y disponibilidad de los datos personados que cada usuario proporciona.<\/p>\n\n\n\n<p><strong>9. CAMBIOS EN LA POL\u00cdTICA DE PRIVACIDAD<\/strong><br>Esther Castro se reserva el derecho a modificar la presente pol\u00edtica para adaptarla a novedades legislativas o jurisprudenciales.<\/p>\n\n\n\n<p><strong>10. CONTENIDO DE LA WEB Y ENLACES (LINKS)<\/strong>\u00a0Esther Castro se reserva el derecho a actualizar, modificar o eliminar la informaci\u00f3n contenida en la web, pudiendo, incluso, limitar o no permitir el acceso a la informaci\u00f3n. Esther Castro no asume ning\u00fan tipo de responsabilidad por la informaci\u00f3n contenida en las Webs de terceros a las que se pueda acceder por los \u00ablinks\u00bb o enlaces desde cualquier p\u00e1gina Web propiedad del Prestador. La presencia de \u00ablinks\u00bb o enlaces s\u00f3lo tienen finalidad informativa y en ning\u00fan caso supone ninguna sugerencia, invitaci\u00f3n o reconocimiento sobre los mismos.<\/p>\n\n\n\n<p><strong>11. CORREOS COMERCIALES<\/strong>\u00a0De acuerdo con la LSSICE, Esther Castro no realiza pr\u00e1cticas de SPAM, por lo tanto, no env\u00eda correos comerciales por e-mail que no hayan sido previamente solicitados o autorizados por el Usuario. En consecuencia, en cada uno de los formularios de la P\u00e1gina Web, el usuario tiene la posibilidad de dar su consentimiento expreso para recibir nuestro bolet\u00edn, con independencia de la informaci\u00f3n comercial puntualmente solicitada.<\/p>\n\n\n\n<p><strong>12. \u00bfALGUNA CONSULTA SOBRE ESTA POL\u00cdTICA O TUS DERECHOS?<br><\/strong>En el caso de tener alguna duda o pregunta sobre la pol\u00edtica de privacidad o sobre c\u00f3mo gestionar alg\u00fan dato personal que nos hayas proporcionado puedes contactar en mail@esthercastronutricion.com.<\/p>\n","protected":false},"excerpt":{"rendered":"<p>Pol\u00edtica de privacidad En este sitio web s\u00f3lo se recaban datos personales con el conocimiento y consentimiento de los usuarios. Si quiere tener una mayor informaci\u00f3n sobre los datos que se recogen y el trato que se les da a los datos personales puede leer esta Pol\u00edtica de Privacidad, as\u00ed como el Aviso Legal y [&hellip;]<\/p>\n","protected":false},"author":1,"featured_media":0,"parent":0,"menu_order":0,"comment_status":"closed","ping_status":"closed","template":"","meta":{"_et_pb_use_builder":"","_et_pb_old_content":"","_et_gb_content_width":"","footnotes":""},"class_list":["post-3","page","type-page","status-publish","hentry"],"_links":{"self":[{"href":"https:\/\/esthercastronutricion.com\/index.php?rest_route=\/wp\/v2\/pages\/3","targetHints":{"allow":["GET"]}}],"collection":[{"href":"https:\/\/esthercastronutricion.com\/index.php?rest_route=\/wp\/v2\/pages"}],"about":[{"href":"https:\/\/esthercastronutricion.com\/index.php?rest_route=\/wp\/v2\/types\/page"}],"author":[{"embeddable":true,"href":"https:\/\/esthercastronutricion.com\/index.php?rest_route=\/wp\/v2\/users\/1"}],"replies":[{"embeddable":true,"href":"https:\/\/esthercastronutricion.com\/index.php?rest_route=%2Fwp%2Fv2%2Fcomments&post=3"}],"version-history":[{"count":1,"href":"https:\/\/esthercastronutricion.com\/index.php?rest_route=\/wp\/v2\/pages\/3\/revisions"}],"predecessor-version":[{"id":416,"href":"https:\/\/esthercastronutricion.com\/index.php?rest_route=\/wp\/v2\/pages\/3\/revisions\/416"}],"wp:attachment":[{"href":"https:\/\/esthercastronutricion.com\/index.php?rest_route=%2Fwp%2Fv2%2Fmedia&parent=3"}],"curies":[{"name":"wp","href":"https:\/\/api.w.org\/{rel}","templated":true}]}}