{"id":211,"date":"2024-11-14T16:01:21","date_gmt":"2024-11-14T16:01:21","guid":{"rendered":"https:\/\/esthercastronutricion.com\/?page_id=211"},"modified":"2025-04-21T12:07:10","modified_gmt":"2025-04-21T11:07:10","slug":"libro","status":"publish","type":"page","link":"https:\/\/esthercastronutricion.com\/?page_id=211","title":{"rendered":"Libro"},"content":{"rendered":"<p>[et_pb_section fb_built=\u00bb1&#8243; _builder_version=\u00bb4.27.3&#8243; _module_preset=\u00bbdefault\u00bb background_color=\u00bb#B8B8AA\u00bb background_enable_mask_style=\u00bbon\u00bb background_mask_style=\u00bbsquare-stripes\u00bb background_mask_color=\u00bbrgba(221,213,208,0.13)\u00bb custom_padding=\u00bb||0px||false|false\u00bb global_colors_info=\u00bb{}\u00bb][et_pb_row column_structure=\u00bb1_2,1_2&#8243; _builder_version=\u00bb4.27.3&#8243; _module_preset=\u00bbdefault\u00bb custom_padding=\u00bb||0px||false|false\u00bb global_colors_info=\u00bb{}\u00bb][et_pb_column type=\u00bb1_2&#8243; _builder_version=\u00bb4.27.3&#8243; _module_preset=\u00bbdefault\u00bb global_colors_info=\u00bb{}\u00bb][et_pb_image src=\u00bbhttps:\/\/esthercastronutricion.com\/wp-content\/uploads\/2024\/11\/Esther-Castro-Libro-WEB.png\u00bb title_text=\u00bbEsther-Castro-Libro-WEB\u00bb _builder_version=\u00bb4.27.3&#8243; _module_preset=\u00bbdefault\u00bb module_alignment=\u00bbcenter\u00bb max_height=\u00bb600px\u00bb global_colors_info=\u00bb{}\u00bb][\/et_pb_image][\/et_pb_column][et_pb_column type=\u00bb1_2&#8243; _builder_version=\u00bb4.27.3&#8243; _module_preset=\u00bbdefault\u00bb global_colors_info=\u00bb{}\u00bb][et_pb_icon font_icon=\u00bb&#xf02d;||fa||900&#8243; icon_color=\u00bb#FFFFFF\u00bb _builder_version=\u00bb4.27.3&#8243; _module_preset=\u00bbdefault\u00bb global_colors_info=\u00bb{}\u00bb][\/et_pb_icon][et_pb_text _builder_version=\u00bb4.27.3&#8243; _module_preset=\u00bbdefault\u00bb text_font_size=\u00bb23px\u00bb text_line_height=\u00bb2.4em\u00bb background_layout=\u00bbdark\u00bb global_colors_info=\u00bb{}\u00bb]<\/p>\n<p>Si eres vegan@ y quieres mejorar tu composici\u00f3n corporal, perder grasa y aumentar masa muscular, este es tu libro. En \u00e9l encontrar\u00e1s instrucciones s\u00faper detalladas para lograrlo en solo 12 semanas, de una forma saludable y sostenible.<\/p>\n<p>[\/et_pb_text][et_pb_button button_url=\u00bbhttps:\/\/amzn.to\/4gKPszD\u00bb url_new_window=\u00bbon\u00bb button_text=\u00bbComprar libro en Amazon\u00bb _builder_version=\u00bb4.27.4&#8243; _module_preset=\u00bbdefault\u00bb button_text_color=\u00bb#FFFFFF\u00bb background_layout=\u00bbdark\u00bb hover_enabled=\u00bb0&#8243; global_colors_info=\u00bb{}\u00bb disabled_on=\u00bbon|on|on\u00bb disabled=\u00bbon\u00bb sticky_enabled=\u00bb0&#8243;][\/et_pb_button][\/et_pb_column][\/et_pb_row][\/et_pb_section]<\/p>\n","protected":false},"excerpt":{"rendered":"<p>Si eres vegan@ y quieres mejorar tu composici\u00f3n corporal, perder grasa y aumentar masa muscular, este es tu libro. En \u00e9l encontrar\u00e1s instrucciones s\u00faper detalladas para lograrlo en solo 12 semanas, de una forma saludable y sostenible.<\/p>\n","protected":false},"author":1,"featured_media":0,"parent":0,"menu_order":0,"comment_status":"closed","ping_status":"closed","template":"","meta":{"_et_pb_use_builder":"on","_et_pb_old_content":"","_et_gb_content_width":"","footnotes":""},"class_list":["post-211","page","type-page","status-publish","hentry"],"_links":{"self":[{"href":"https:\/\/esthercastronutricion.com\/index.php?rest_route=\/wp\/v2\/pages\/211","targetHints":{"allow":["GET"]}}],"collection":[{"href":"https:\/\/esthercastronutricion.com\/index.php?rest_route=\/wp\/v2\/pages"}],"about":[{"href":"https:\/\/esthercastronutricion.com\/index.php?rest_route=\/wp\/v2\/types\/page"}],"author":[{"embeddable":true,"href":"https:\/\/esthercastronutricion.com\/index.php?rest_route=\/wp\/v2\/users\/1"}],"replies":[{"embeddable":true,"href":"https:\/\/esthercastronutricion.com\/index.php?rest_route=%2Fwp%2Fv2%2Fcomments&post=211"}],"version-history":[{"count":9,"href":"https:\/\/esthercastronutricion.com\/index.php?rest_route=\/wp\/v2\/pages\/211\/revisions"}],"predecessor-version":[{"id":471,"href":"https:\/\/esthercastronutricion.com\/index.php?rest_route=\/wp\/v2\/pages\/211\/revisions\/471"}],"wp:attachment":[{"href":"https:\/\/esthercastronutricion.com\/index.php?rest_route=%2Fwp%2Fv2%2Fmedia&parent=211"}],"curies":[{"name":"wp","href":"https:\/\/api.w.org\/{rel}","templated":true}]}}