{"id":120,"date":"2024-11-13T20:30:50","date_gmt":"2024-11-13T20:30:50","guid":{"rendered":"https:\/\/esthercastronutricion.com\/?page_id=120"},"modified":"2025-03-11T13:27:33","modified_gmt":"2025-03-11T13:27:33","slug":"testimonios","status":"publish","type":"page","link":"https:\/\/esthercastronutricion.com\/?page_id=120","title":{"rendered":"Testimonios"},"content":{"rendered":"<p>[et_pb_section fb_built=\u00bb1&#8243; admin_label=\u00bbTestimonios\u00bb _builder_version=\u00bb4.27.3&#8243; _module_preset=\u00bbdefault\u00bb background_color=\u00bbrgba(221,213,208,0.49)\u00bb background_enable_pattern_style=\u00bbon\u00bb background_pattern_style=\u00bbwaves\u00bb background_pattern_color=\u00bbrgba(0,0,0,0.01)\u00bb locked=\u00bboff\u00bb global_colors_info=\u00bb{}\u00bb][et_pb_row _builder_version=\u00bb4.27.3&#8243; _module_preset=\u00bbdefault\u00bb global_colors_info=\u00bb{}\u00bb][et_pb_column type=\u00bb4_4&#8243; _builder_version=\u00bb4.27.3&#8243; _module_preset=\u00bbdefault\u00bb global_colors_info=\u00bb{}\u00bb][et_pb_text _builder_version=\u00bb4.27.3&#8243; _module_preset=\u00bbdefault\u00bb header_2_font=\u00bb||on||||||\u00bb header_2_text_align=\u00bbcenter\u00bb header_2_text_color=\u00bb#586F6B\u00bb header_2_font_size=\u00bb44px\u00bb global_colors_info=\u00bb{}\u00bb]<\/p>\n<h2>Testimonios<\/h2>\n<p>[\/et_pb_text][\/et_pb_column][\/et_pb_row][et_pb_row column_structure=\u00bb1_3,1_3,1_3&#8243; _builder_version=\u00bb4.27.3&#8243; _module_preset=\u00bbdefault\u00bb global_colors_info=\u00bb{}\u00bb][et_pb_column type=\u00bb1_3&#8243; _builder_version=\u00bb4.27.3&#8243; _module_preset=\u00bbdefault\u00bb global_colors_info=\u00bb{}\u00bb][et_pb_testimonial author=\u00bbBernadette Garside\u00bb portrait_url=\u00bbhttps:\/\/esthercastronutricion.com\/wp-content\/uploads\/2024\/11\/Bernadette-Garside.png\u00bb _builder_version=\u00bb4.27.3&#8243; _module_preset=\u00bbdefault\u00bb global_colors_info=\u00bb{}\u00bb]<\/p>\n<p><span>Hiring this Girl will change your life&#8230;. When I started with them, like most of the people I just wanted to loose some weight, 5 years after I&#8217;m younger and fitter than ever. I promise you&#8230; it will be the best investment you will ever make. You won&#8217;t ever look back!<\/span><\/p>\n<p>[\/et_pb_testimonial][et_pb_testimonial author=\u00bbOSKAR RASTRILLA\u00bb portrait_url=\u00bbhttps:\/\/esthercastronutricion.com\/wp-content\/uploads\/2024\/11\/Oskar-Rastrilla.png\u00bb _builder_version=\u00bb4.27.3&#8243; _module_preset=\u00bbdefault\u00bb global_colors_info=\u00bb{}\u00bb]<\/p>\n<p><span>Una coach muy profesional que sabe acompa\u00f1arte de cara a lograr tus objetivos, sea cual sea tu meta nunca estar\u00e1s sol@. Desde la primera toma de contacto y durante todo el proceso existir\u00e1 una relaci\u00f3n muy estrecha y con una comunicaci\u00f3n muy fluida. 100% recomendable.<\/span><\/p>\n<p>[\/et_pb_testimonial][et_pb_testimonial author=\u00bbCAROLINA DOYLE\u00bb portrait_url=\u00bbhttps:\/\/esthercastronutricion.com\/wp-content\/uploads\/2024\/11\/Carolina-Doyle.png\u00bb _builder_version=\u00bb4.27.3&#8243; _module_preset=\u00bbdefault\u00bb global_colors_info=\u00bb{}\u00bb]<\/p>\n<p><span>Es una gran profesional que te hace los entrenamientos y tu d\u00eda a d\u00eda m\u00e1s f\u00e1cil, ya que sabe adaptar tanto la dieta como los ejercicios a tu estilo de vida con grandes resultados en poco tiempo. Entreno desde hace a\u00f1os antes de conocerle pero estaba estancada y desmotivada por la falta de resultados, pero gracias a ella pude avanzar y hoy en d\u00eda me encuentro muy bien tanto an\u00edmicamente como f\u00edsicamente. \u00a1\u00a1100% recomendable!!<\/span><\/p>\n<p>[\/et_pb_testimonial][et_pb_testimonial author=\u00bbTINA CLAWORTHY\u00bb portrait_url=\u00bbhttps:\/\/esthercastronutricion.com\/wp-content\/uploads\/2024\/11\/Tina-Clatworthy.png\u00bb _builder_version=\u00bb4.27.3&#8243; _module_preset=\u00bbdefault\u00bb global_colors_info=\u00bb{}\u00bb]<\/p>\n<p><span>Love IT so much &#8230; so positive and she will always find the answer to any question you may have. So happy to have them in my life, been with me through the good and bad times. Started as a great trainer now so happy to call her great friend.<\/span><\/p>\n<p>[\/et_pb_testimonial][et_pb_testimonial author=\u00bbILIANA KADRINSKA\u00bb portrait_url=\u00bbhttps:\/\/esthercastronutricion.com\/wp-content\/uploads\/2024\/11\/Iliana-Kadrinska.png\u00bb _builder_version=\u00bb4.27.3&#8243; _module_preset=\u00bbdefault\u00bb global_colors_info=\u00bb{}\u00bb]<\/p>\n<p><span>Es una gran profesional. He aprendido mucho y he conseguido los resultados deseados. Cuando contratas a un profesional y se toma la molestia de explicarte cada cosa para que desde ese momento sepas gestionarte por ti misma, sabes que has acertado<\/span><\/p>\n<p>[\/et_pb_testimonial][et_pb_testimonial author=\u00bbZACIL SOTELO\u00bb portrait_url=\u00bbhttps:\/\/esthercastronutricion.com\/wp-content\/uploads\/2024\/11\/Zacil-Sotelo.png\u00bb _builder_version=\u00bb4.27.3&#8243; _module_preset=\u00bbdefault\u00bb global_colors_info=\u00bb{}\u00bb]<\/p>\n<p><span>Me encant\u00f3 c\u00f3mo brinda la informaci\u00f3n de manera tan puntual, amable, paciente y me agrad\u00f3 bastante c\u00f3mo resolvi\u00f3 todas mis dudas sobre c\u00f3mo incrementar mi salud y mejorar mi metabolismo! Realmente es de las pocas Nutri\u00f3logas veganas que comparten y brindan informaci\u00f3n clara acerca de este tema. Gracias, gracias, gracias !<\/span><\/p>\n<p>[\/et_pb_testimonial][et_pb_testimonial author=\u00bbLAURA EAGAN\u00bb portrait_url=\u00bbhttps:\/\/esthercastronutricion.com\/wp-content\/uploads\/2024\/11\/Anto-Eagan.png\u00bb _builder_version=\u00bb4.27.3&#8243; _module_preset=\u00bbdefault\u00bb global_colors_info=\u00bb{}\u00bb]<\/p>\n<p><span>Amazing&#8230; helped me get to the shape I wanted for my weeding an also after, helping me maintain my physic long after. they made me physically and mentally stronger. And of course, I have learnt a lot to keep myself healthier and happier.<\/span><\/p>\n<p>[\/et_pb_testimonial][et_pb_testimonial author=\u00bbCHRISTIEN ZUIDERSMA\u00bb portrait_url=\u00bbhttps:\/\/esthercastronutricion.com\/wp-content\/uploads\/2024\/11\/Christien-Zuidersma.png\u00bb _builder_version=\u00bb4.27.3&#8243; _module_preset=\u00bbdefault\u00bb global_colors_info=\u00bb{}\u00bb]<\/p>\n<p><span>Esther is amazing, always caring and helped me to be the very best version of myself. She took time to get to know me and helped me in every way she can. I am so grateful.<\/span><\/p>\n<p>[\/et_pb_testimonial][et_pb_testimonial author=\u00bbCRISTINA SANTILLO\u00bb portrait_url=\u00bbhttps:\/\/esthercastronutricion.com\/wp-content\/uploads\/2024\/11\/Cristina-Santillo.png\u00bb _builder_version=\u00bb4.27.3&#8243; _module_preset=\u00bbdefault\u00bb global_colors_info=\u00bb{}\u00bb]<\/p>\n<p><span>Esther es la persona que est\u00e1 cambiando mi actitud con el deporte. Me est\u00e1 preparando para el d\u00eda m\u00e1s importante de mi vida, con seguimiento en el entrenamiento y dieta! Es la persona para mi m\u00e1s preparada,motivadora y profesional que he conocido y claro, es guap\u00edsima y la quiero mucho <\/span><span>\u2764\ufe0f<\/span><span>\u00a0<\/span><\/p>\n<p>[\/et_pb_testimonial][\/et_pb_column][et_pb_column type=\u00bb1_3&#8243; _builder_version=\u00bb4.27.3&#8243; _module_preset=\u00bbdefault\u00bb global_colors_info=\u00bb{}\u00bb][et_pb_testimonial author=\u00bbNorma Jean Braken\u00bb portrait_url=\u00bbhttps:\/\/esthercastronutricion.com\/wp-content\/uploads\/2024\/11\/Norma-Jean-Braken.png\u00bb _builder_version=\u00bb4.27.3&#8243; _module_preset=\u00bbdefault\u00bb global_colors_info=\u00bb{}\u00bb]<\/p>\n<p><span>Amazing coach! Get you to whatever goal you want without fail. When I started, all I wanted was just to loose some weight, but after a while my mind was totally different, I started feeling a lot more capable of doing anything I set my target on. I even competed, it was amazing!<\/span><\/p>\n<p>[\/et_pb_testimonial][et_pb_testimonial author=\u00bbCAMILA ARAG\u00d3N\u00bb portrait_url=\u00bbhttps:\/\/esthercastronutricion.com\/wp-content\/uploads\/2024\/11\/Camila-Aragon.png\u00bb _builder_version=\u00bb4.27.3&#8243; _module_preset=\u00bbdefault\u00bb global_colors_info=\u00bb{}\u00bb]<\/p>\n<p><span>Recomendado total. Esther es una gran profesional, que est\u00e1 encima de cada detalle, al tanto de tus progresos y ajustando tu plan de acuerdo a tus necesidades particulares. As\u00ed ponerse en forma y mantenerse sana es una tarea mucho m\u00e1s f\u00e1cil y placentera&#8230;. Gracias <\/span><span>\ud83d\ude0a<\/span><\/p>\n<p>[\/et_pb_testimonial][et_pb_testimonial author=\u00bbLISA SELVESTER\u00bb portrait_url=\u00bbhttps:\/\/esthercastronutricion.com\/wp-content\/uploads\/2024\/11\/Lisa-Selvester.png\u00bb _builder_version=\u00bb4.27.3&#8243; _module_preset=\u00bbdefault\u00bb global_colors_info=\u00bb{}\u00bb]<\/p>\n<p><span>Great on line diet, advise and exercise routines which are easy to follow . For a busy lifestyle I find their on line coaching so appealing and I can do most of my training where ever I am . The online coaching has also exceeded my expectations by also personally messaging me encouragement and advise through out my weight loss plan . Very happy with how my results are and will continue to use this fantastic company . Thank you .<\/span><\/p>\n<p>[\/et_pb_testimonial][et_pb_testimonial author=\u00bbKERRIE OBRIEN\u00bb portrait_url=\u00bbhttps:\/\/esthercastronutricion.com\/wp-content\/uploads\/2024\/11\/Kerrie-Obrien.png\u00bb _builder_version=\u00bb4.27.3&#8243; _module_preset=\u00bbdefault\u00bb global_colors_info=\u00bb{}\u00bb]<\/p>\n<p><span>Excellent service, highly professional. Offers insight and guidance into training, diet and athlete competiton preparation. Have achieved my personal goals and best race times while using Esther Castro Nutrici\u00f3n. I had trained for many years without my expected results&#8230; till I found her.<\/span><\/p>\n<p>[\/et_pb_testimonial][et_pb_testimonial author=\u00bbLENKA CLIMENT KOVALOVA\u00bb portrait_url=\u00bbhttps:\/\/esthercastronutricion.com\/wp-content\/uploads\/2024\/11\/Lenka-Climent-Kovalova.png\u00bb _builder_version=\u00bb4.27.3&#8243; _module_preset=\u00bbdefault\u00bb global_colors_info=\u00bb{}\u00bb]<\/p>\n<p><span>Me encanta su profesionalidad. Durante 5 a\u00f1os tuve la oportunidad de probar el entrenamiento de\u00a0 <\/span><span>\ud83d\udcaa\ud83c\udffd<\/span><span>\u00a0 Esther <\/span><span>\ud83c\udf51<\/span><span> y no me arepiento ni un dia. Es una persona muy positiva con alto conocimiento de las que puedes aprender mucho si te interesa la Vida Fitness<\/span><span>\ud83d\ude09<\/span><\/p>\n<p>[\/et_pb_testimonial][et_pb_testimonial author=\u00bbPLAMEN KOSTADINOV\u00bb portrait_url=\u00bbhttps:\/\/esthercastronutricion.com\/wp-content\/uploads\/2024\/11\/Plamen-Kostadinov.png\u00bb _builder_version=\u00bb4.27.3&#8243; _module_preset=\u00bbdefault\u00bb global_colors_info=\u00bb{}\u00bb]<\/p>\n<p><span>Esther es una profesional y una persona maravillosa y muy amable. Ha sabido guiarme para que adquiriera los resultados que buscaba, pero es que adem\u00e1s me ha ense\u00f1ado cosas que ning\u00fan otro se ha molestado en ense\u00f1arme, a d\u00eda de hoy estoy mucho m\u00e1s preparado para seguir progresando. Recomendado 10\/10<\/span><\/p>\n<p>[\/et_pb_testimonial][et_pb_testimonial author=\u00bbLINE JENSEN\u00bb _builder_version=\u00bb4.27.3&#8243; _module_preset=\u00bbdefault\u00bb global_colors_info=\u00bb{}\u00bb]<\/p>\n<p><span>Amazing! so supportive and motivating, It has completely changed my way of thinking about training and dieting. I never thought that I could take it so seriously, but now I&#8217;m glad they have made me love it and so grateful they came into my life!<\/span><\/p>\n<p>[\/et_pb_testimonial][et_pb_testimonial author=\u00bbMARIV\u00cd LOPEZ\u00bb _builder_version=\u00bb4.27.3&#8243; _module_preset=\u00bbdefault\u00bb global_colors_info=\u00bb{}\u00bb]<\/p>\n<p><span>Esther es muy buena profesional. Desafortunadamente no he podido copletar el plan con ella por motivos presonales, pero a pesar de ello, lo que aprend\u00ed me va a servir para poder organizar mi dieta y entrenamiento por m\u00ed misma. Me ha ayudado mucho, muchas gracias<\/span><span>\ud83d\ude18<\/span><\/p>\n<p>[\/et_pb_testimonial][et_pb_testimonial author=\u00bbPAOLA BUSCEMI\u00bb portrait_url=\u00bbhttps:\/\/esthercastronutricion.com\/wp-content\/uploads\/2024\/11\/Paola-Buscemi.png\u00bb _builder_version=\u00bb4.27.3&#8243; _module_preset=\u00bbdefault\u00bb global_colors_info=\u00bb{}\u00bb]<\/p>\n<p><span>Siempre he sido activa y he hecho ejercicio, aunque sin mucho criterio. Desde que me puse en sus manos he aprendido todo lo necesario para llevar una vida plena, sana y con el f\u00edsico que yo quiero. Muy competente, comprometida y con un enfoque en el cliente incomparable.<\/span><\/p>\n<p>[\/et_pb_testimonial][\/et_pb_column][et_pb_column type=\u00bb1_3&#8243; _builder_version=\u00bb4.27.3&#8243; _module_preset=\u00bbdefault\u00bb global_colors_info=\u00bb{}\u00bb][et_pb_testimonial author=\u00bbFIONA FAGAN\u00bb portrait_url=\u00bbhttps:\/\/esthercastronutricion.com\/wp-content\/uploads\/2024\/11\/FIONA-FAGAN.png\u00bb _builder_version=\u00bb4.27.3&#8243; _module_preset=\u00bbdefault\u00bb global_colors_info=\u00bb{}\u00bb]<\/p>\n<p><span>My favorite person on the planet, will not only change your body but your way of thinking. Positive vibes all the way! I swore I would never have a personal trainer and now I can\u2019t imagine my weeks without her! What can I say about them, specially Esther? Thank God I met her.<\/span><\/p>\n<p>[\/et_pb_testimonial][et_pb_testimonial author=\u00bbDAYNA VERA RODRIGUEZ\u00bb portrait_url=\u00bbhttps:\/\/esthercastronutricion.com\/wp-content\/uploads\/2024\/11\/Dayna-Vera-Rodriguez.png\u00bb _builder_version=\u00bb4.27.3&#8243; _module_preset=\u00bbdefault\u00bb global_colors_info=\u00bb{}\u00bb]<\/p>\n<p><span>Lo primero que quiero destacar que es una gran profesional, trabajar con ella me ha cambiado la vida, he aprendido a alimentarme mejor conocer mis m\u00fasculos y lograr un buen entrenamiento. \u00a1Me siento muy afortunada de haber coincidido con ella en la b\u00fasqueda de un entrenador! \u00a1S\u00faper contenta con su trabajo!<\/span><\/p>\n<p>[\/et_pb_testimonial][et_pb_testimonial author=\u00bbHENRIETTE KISSE\u00bb portrait_url=\u00bbhttps:\/\/esthercastronutricion.com\/wp-content\/uploads\/2024\/11\/Henrriette-Kisse.png\u00bb _builder_version=\u00bb4.27.3&#8243; _module_preset=\u00bbdefault\u00bb global_colors_info=\u00bb{}\u00bb]<\/p>\n<p><span>I LOVE training with her. BEST personal trainer EVER!!! She have helped me to improve my life in lots of different ways, now I can say that I am closer to my goal than ever, and determined to never give up on this life style they&#8217;ve helped me adopting. Thank you so much!<\/span><\/p>\n<p>[\/et_pb_testimonial][et_pb_testimonial author=\u00bbJIYA BHAMBHANI\u00bb portrait_url=\u00bbhttps:\/\/esthercastronutricion.com\/wp-content\/uploads\/2024\/11\/Jiya-Bhambhani.png\u00bb _builder_version=\u00bb4.27.3&#8243; _module_preset=\u00bbdefault\u00bb global_colors_info=\u00bb{}\u00bb]<\/p>\n<p><span>\u00a1\u00a1Lo Super Recomiendo!!<\/span><span>\ud83d\udc4c\ud83d\udc4c<\/span><span> Es una profesional que te cuida en todo momento, super atenta, teniendo en cuenta ante todo la salud, siempre dispuesta a mejorarnos y ayudarnos. No s\u00f3lo he ganado en salud, sino q tambi\u00e9n he logrado mis metas adem\u00e1s de por f\u00ecn aprender a comer bien. \u00a1Ojal\u00e1 la hubiera conocido antes! Muchisimass gracias de coraz\u00f3n<\/span><\/p>\n<p>[\/et_pb_testimonial][et_pb_testimonial author=\u00bbPAULINA RODRIGUEZ\u00bb portrait_url=\u00bbhttps:\/\/esthercastronutricion.com\/wp-content\/uploads\/2024\/11\/Paulina-Rodriguez.png\u00bb _builder_version=\u00bb4.27.3&#8243; _module_preset=\u00bbdefault\u00bb global_colors_info=\u00bb{}\u00bb]<\/p>\n<p><span>He tenido la suerte de caer en manos de esta gran nutricionista y persona, muy profesional, se implican en tu caso personal, est\u00e1n atentos a ti, desde que la conozco siempre me ha ayudado mucho, gracias a ella conozco mejor mi cuerpo. Gran profesional y persona, tiene un coraz\u00f3n de oro.<\/span><\/p>\n<p>[\/et_pb_testimonial][et_pb_testimonial author=\u00bbDEBORAH GONZALEZ\u00bb portrait_url=\u00bbhttps:\/\/esthercastronutricion.com\/wp-content\/uploads\/2024\/11\/Debora-Gonzalez.png\u00bb _builder_version=\u00bb4.27.3&#8243; _module_preset=\u00bbdefault\u00bb global_colors_info=\u00bb{}\u00bb]<\/p>\n<p><span>\u00a1Lo recomiendo 100% te motiva, te da seguridad y sobre todo es muy constante y se preocupa por ver una mejora! Una no siempre est\u00e1 al 100%, pero ella sabe ver eso y adaptar las cosas para que todo sea mucho m\u00e1s f\u00e1cil. Una aut\u00e9ntica PROFESIONAL.<\/span><\/p>\n<p>[\/et_pb_testimonial][et_pb_testimonial author=\u00bbRACHELL MADDEN\u00bb portrait_url=\u00bbhttps:\/\/esthercastronutricion.com\/wp-content\/uploads\/2024\/11\/Rachell-Madden.png\u00bb _builder_version=\u00bb4.27.3&#8243; _module_preset=\u00bbdefault\u00bb global_colors_info=\u00bb{}\u00bb]<\/p>\n<p><span>Thank you Esther for not only changing my body but also changing my life. You have lovingly guided me through the worst time in my life. Loosing my Mom. Without you by my side l wouldn&#8217;t be there. You have made my journey a lot easier. Thank u my amazing friend.<\/span><\/p>\n<p>[\/et_pb_testimonial][et_pb_testimonial author=\u00bbMICHELLE BEDOJA\u00bb portrait_url=\u00bbhttps:\/\/esthercastronutricion.com\/wp-content\/uploads\/2024\/11\/Michelle-Bedoja.jpg.png\u00bb _builder_version=\u00bb4.27.3&#8243; _module_preset=\u00bbdefault\u00bb global_colors_info=\u00bb{}\u00bb]<\/p>\n<p><span>Hola, much\u00edsimas gracias por tu seguimiento y ayuda en el mi periodo de recuperaci\u00f3n post parto, en ese momento en el que piensas que dif\u00edcil es recuperar tu figura, estas t\u00fa con tu sabidur\u00eda, d\u00e1ndome las pautas para estar fuerte y sana\u2026<\/span><\/p>\n<p>[\/et_pb_testimonial][\/et_pb_column][\/et_pb_row][\/et_pb_section]<\/p>\n","protected":false},"excerpt":{"rendered":"<p>TestimoniosHiring this Girl will change your life&#8230;. When I started with them, like most of the people I just wanted to loose some weight, 5 years after I&#8217;m younger and fitter than ever. I promise you&#8230; it will be the best investment you will ever make. You won&#8217;t ever look back!Una coach muy profesional que [&hellip;]<\/p>\n","protected":false},"author":1,"featured_media":0,"parent":0,"menu_order":0,"comment_status":"closed","ping_status":"closed","template":"","meta":{"_et_pb_use_builder":"on","_et_pb_old_content":"","_et_gb_content_width":"","footnotes":""},"class_list":["post-120","page","type-page","status-publish","hentry"],"_links":{"self":[{"href":"https:\/\/esthercastronutricion.com\/index.php?rest_route=\/wp\/v2\/pages\/120","targetHints":{"allow":["GET"]}}],"collection":[{"href":"https:\/\/esthercastronutricion.com\/index.php?rest_route=\/wp\/v2\/pages"}],"about":[{"href":"https:\/\/esthercastronutricion.com\/index.php?rest_route=\/wp\/v2\/types\/page"}],"author":[{"embeddable":true,"href":"https:\/\/esthercastronutricion.com\/index.php?rest_route=\/wp\/v2\/users\/1"}],"replies":[{"embeddable":true,"href":"https:\/\/esthercastronutricion.com\/index.php?rest_route=%2Fwp%2Fv2%2Fcomments&post=120"}],"version-history":[{"count":5,"href":"https:\/\/esthercastronutricion.com\/index.php?rest_route=\/wp\/v2\/pages\/120\/revisions"}],"predecessor-version":[{"id":466,"href":"https:\/\/esthercastronutricion.com\/index.php?rest_route=\/wp\/v2\/pages\/120\/revisions\/466"}],"wp:attachment":[{"href":"https:\/\/esthercastronutricion.com\/index.php?rest_route=%2Fwp%2Fv2%2Fmedia&parent=120"}],"curies":[{"name":"wp","href":"https:\/\/api.w.org\/{rel}","templated":true}]}}